{"id":2547,"date":"2025-02-01T11:14:04","date_gmt":"2025-02-01T11:14:04","guid":{"rendered":"https:\/\/dolcejewellery.com\/product\/baroque-pearl-charm-bracelet\/"},"modified":"2025-12-14T15:12:04","modified_gmt":"2025-12-14T14:12:04","slug":"baroque-pearl-charm-bracelet","status":"publish","type":"product","link":"https:\/\/dolcejewellery.com\/fr\/produit\/baroque-pearl-charm-bracelet\/","title":{"rendered":"Bracelet \u00e0 breloques en perles baroques"},"content":{"rendered":"<h1><strong>Description et d\u00e9tails<\/strong><\/h1>\n<p><strong>Dolce Jewellery, Bracelet \u00e0 breloques en perles baroques.<\/strong><\/p>\n<p>Sublimez votre style avec notre magnifique bracelet \u00e0 breloques en perles baroques. Confectionn\u00e9 en argent sterling 925 v\u00e9ritable, ce bracelet met en valeur la beaut\u00e9 captivante d&#039;une perle baroque.<\/p>\n<p>Ce bracelet est dot\u00e9 d&#039;une cha\u00eene d\u00e9licate orn\u00e9e de petites perles, apportant une texture subtile et rehaussant son attrait visuel. Deux perles suppl\u00e9mentaires pendent d\u00e9licatement au niveau du fermoir s\u00e9curis\u00e9, cr\u00e9ant un mouvement gracieux et accentuant le design. L&#039;association de la breloque perle baroque, de la cha\u00eene perl\u00e9e et des perles suppl\u00e9mentaires d\u00e9gage charme et sophistication.<\/p>\n<p>Ce bracelet ajustable assure un ajustement confortable \u00e0 votre poignet, tandis que son fermoir s\u00e9curis\u00e9 vous assure une tranquillit\u00e9 d&#039;esprit. Que vous participiez \u00e0 une occasion sp\u00e9ciale ou que vous ajoutiez une touche d&#039;\u00e9l\u00e9gance \u00e0 votre look quotidien, le bracelet \u00e0 breloques en perles baroques est un accessoire polyvalent qui s&#039;adapte \u00e0 tous les styles.<\/p>\n<p>Adoptez le charme des perles baroques et l&#039;\u00e9l\u00e9gance intemporelle de l&#039;argent sterling avec le bracelet \u00e0 breloques en perles baroques de Dolce Jewellery. C&#039;est le choix id\u00e9al pour celles qui appr\u00e9cient la beaut\u00e9 des perles naturelles et recherchent un bijou alliant raffinement et originalit\u00e9.<\/p>\n<p><strong>Type de produit : <\/strong>Bracelets<\/p>\n<p><strong>Nom du produit :\u00a0<\/strong>Bracelet \u00e0 breloques en perles baroques<\/p>\n<p><strong>Type de perle :\u00a0<\/strong>Perles baroques<\/p>\n<p><strong>Mat\u00e9riel: <\/strong>100% Argent sterling 925<\/p>\n<p><strong>Longueur: <\/strong>La longueur du bracelet est de 18 cm (7,1 pouces), la longueur de la cha\u00eene d&#039;extension est de 3 cm (1,2 pouces)<\/p>\n<p><strong>Article:\u00a0<\/strong>BKSL151<\/p>\n<p><img decoding=\"async\" src=\"https:\/\/cdn.shopify.com\/s\/files\/1\/0559\/8819\/1417\/files\/780d2905-024c-43b3-b662-7a302549b3cd_480x480.png?v=1689930072\" alt=\"\" \/><\/p>","protected":false},"excerpt":{"rendered":"<p>Description &amp; Details Dolce Jewellery,\u00a0Baroque Pearl Charm Bracelet. Elevate your style with our exquisite Baroque Pearl Charm Bracelet. Crafted from genuine 925 sterling silver, this bracelet showcases the captivating beauty of a single baroque pearl charm. The bracelet features a delicate chain adorned with small beads, adding a subtle texture and enhancing its visual appeal. [&#8230;]\n","protected":false},"featured_media":7006,"comment_status":"open","ping_status":"closed","template":"","meta":[],"product_brand":[],"product_cat":[31,29],"product_tag":[],"class_list":{"0":"post-2547","1":"product","2":"type-product","3":"status-publish","4":"has-post-thumbnail","6":"product_cat-bracelets","7":"product_cat-shop-all","9":"first","10":"instock","11":"shipping-taxable","12":"purchasable","13":"product-type-simple"},"_links":{"self":[{"href":"https:\/\/dolcejewellery.com\/fr\/wp-json\/wp\/v2\/product\/2547","targetHints":{"allow":["GET"]}}],"collection":[{"href":"https:\/\/dolcejewellery.com\/fr\/wp-json\/wp\/v2\/product"}],"about":[{"href":"https:\/\/dolcejewellery.com\/fr\/wp-json\/wp\/v2\/types\/product"}],"replies":[{"embeddable":true,"href":"https:\/\/dolcejewellery.com\/fr\/wp-json\/wp\/v2\/comments?post=2547"}],"wp:featuredmedia":[{"embeddable":true,"href":"https:\/\/dolcejewellery.com\/fr\/wp-json\/wp\/v2\/media\/7006"}],"wp:attachment":[{"href":"https:\/\/dolcejewellery.com\/fr\/wp-json\/wp\/v2\/media?parent=2547"}],"wp:term":[{"taxonomy":"product_brand","embeddable":true,"href":"https:\/\/dolcejewellery.com\/fr\/wp-json\/wp\/v2\/product_brand?post=2547"},{"taxonomy":"product_cat","embeddable":true,"href":"https:\/\/dolcejewellery.com\/fr\/wp-json\/wp\/v2\/product_cat?post=2547"},{"taxonomy":"product_tag","embeddable":true,"href":"https:\/\/dolcejewellery.com\/fr\/wp-json\/wp\/v2\/product_tag?post=2547"}],"curies":[{"name":"wp","href":"https:\/\/api.w.org\/{rel}","templated":true}]}}