{"id":2545,"date":"2025-02-01T11:14:03","date_gmt":"2025-02-01T11:14:03","guid":{"rendered":"https:\/\/dolcejewellery.com\/product\/baroque-pearl-chain-bracelet\/"},"modified":"2026-03-30T15:10:39","modified_gmt":"2026-03-30T14:10:39","slug":"baroque-pearl-chain-bracelet","status":"publish","type":"product","link":"https:\/\/dolcejewellery.com\/fr\/produit\/baroque-pearl-chain-bracelet\/","title":{"rendered":"Bracelet cha\u00eene en perles baroques"},"content":{"rendered":"<h1><strong>Description et d\u00e9tails<\/strong><\/h1>\n<p><strong>Dolce Jewellery, Bracelet cha\u00eene en perles baroques.<\/strong><\/p>\n<p>On le sait et vous le savez : vous n&#039;utilisez plus votre vieille montre pour lire l&#039;heure. Pourquoi ne pas la remplacer par quelque chose d&#039;un peu plus\u2026 original ? Ce bracelet \u00e9l\u00e9gant et raffin\u00e9 est compos\u00e9 de magnifiques perles d&#039;eau douce baroques naturelles, de perles brillantes et d&#039;un charm c\u0153ur sur une cha\u00eene \u00e0 maillons. Ce bracelet vous aidera \u00e0 arr\u00eater de faire semblant. Si quelqu&#039;un vous demande l&#039;heure, il est 13 heures.<\/p>\n<p>Il est fait en v\u00e9ritable argent sterling 925.<\/p>\n<p>Offert en une seule couleur : Argent.<\/p>\n<p><strong>Type de produit : <\/strong>Bracelets<\/p>\n<p><strong>Nom du produit :\u00a0<\/strong>Bracelet cha\u00eene en perles baroques<\/p>\n<p><strong>Type de perle :\u00a0<\/strong>Perles d&#039;eau douce baroques<\/p>\n<p><strong>Mat\u00e9riel:\u00a0<\/strong>100% Argent sterling 925<\/p>\n<p><strong>Longueurs : <\/strong>la longueur du bracelet est d&#039;environ 16,8 cm (6,6 pouces), la longueur de la cha\u00eene d&#039;extension est d&#039;environ 3 cm (1,2 pouces)<\/p>\n<p><strong>Article:\u00a0<\/strong>BKSL093<\/p>\n<p><img loading=\"lazy\" decoding=\"async\" class=\"alignnone\" src=\"https:\/\/cdn.shopify.com\/s\/files\/1\/0559\/8819\/1417\/files\/BKSL093_480x480.png?v=1629032874\" alt=\"\" width=\"480\" height=\"480\" \/><\/p>","protected":false},"excerpt":{"rendered":"<p>Description &amp; Details Dolce Jewellery,\u00a0Baroque Pearl Chain Bracelet. We know it and you know it: you no longer use your old watch to check the time. Why not replace it with something a little more&#8230; interesting? This\u00a0high-class, elegant bracelet consists of\u00a0stunning natural\u00a0 baroque freshwater pearls, shiny beads and a love heart charm with a link [&#8230;]\n","protected":false},"featured_media":7023,"comment_status":"open","ping_status":"closed","template":"","meta":[],"product_brand":[],"product_cat":[31,29],"product_tag":[],"class_list":{"0":"post-2545","1":"product","2":"type-product","3":"status-publish","4":"has-post-thumbnail","6":"product_cat-bracelets","7":"product_cat-shop-all","9":"first","10":"instock","11":"shipping-taxable","12":"purchasable","13":"product-type-simple"},"_links":{"self":[{"href":"https:\/\/dolcejewellery.com\/fr\/wp-json\/wp\/v2\/product\/2545","targetHints":{"allow":["GET"]}}],"collection":[{"href":"https:\/\/dolcejewellery.com\/fr\/wp-json\/wp\/v2\/product"}],"about":[{"href":"https:\/\/dolcejewellery.com\/fr\/wp-json\/wp\/v2\/types\/product"}],"replies":[{"embeddable":true,"href":"https:\/\/dolcejewellery.com\/fr\/wp-json\/wp\/v2\/comments?post=2545"}],"wp:featuredmedia":[{"embeddable":true,"href":"https:\/\/dolcejewellery.com\/fr\/wp-json\/wp\/v2\/media\/7023"}],"wp:attachment":[{"href":"https:\/\/dolcejewellery.com\/fr\/wp-json\/wp\/v2\/media?parent=2545"}],"wp:term":[{"taxonomy":"product_brand","embeddable":true,"href":"https:\/\/dolcejewellery.com\/fr\/wp-json\/wp\/v2\/product_brand?post=2545"},{"taxonomy":"product_cat","embeddable":true,"href":"https:\/\/dolcejewellery.com\/fr\/wp-json\/wp\/v2\/product_cat?post=2545"},{"taxonomy":"product_tag","embeddable":true,"href":"https:\/\/dolcejewellery.com\/fr\/wp-json\/wp\/v2\/product_tag?post=2545"}],"curies":[{"name":"wp","href":"https:\/\/api.w.org\/{rel}","templated":true}]}}