{"id":2540,"date":"2025-02-01T11:14:02","date_gmt":"2025-02-01T11:14:02","guid":{"rendered":"https:\/\/dolcejewellery.com\/product\/ball-bead-ear-bones\/"},"modified":"2026-01-25T16:07:23","modified_gmt":"2026-01-25T15:07:23","slug":"ball-bead-ear-bones","status":"publish","type":"product","link":"https:\/\/dolcejewellery.com\/fr\/produit\/ball-bead-ear-bones\/","title":{"rendered":"Os d&#039;oreille en perles"},"content":{"rendered":"<h1><strong>Description et d\u00e9tails<\/strong><\/h1>\n<p><strong>Dolce Jewellery, Os d&#039;oreille en perles.<\/strong><\/p>\n<p>Apportez une touche glamour \u00e0 vos looks du quotidien avec ces boucles d&#039;oreilles en perles boules de Dolce Jewellery. Elles vous feront briller \u00e0 tout moment. Vous le m\u00e9ritez.<\/p>\n<p>Disponible en deux couleurs : Argent et Or.<\/p>\n<p>Ces boucles d&#039;oreilles sont vendues par paire.<\/p>\n<p><strong>Type de produit :<\/strong> Boucles d&#039;oreilles \u00e0 tige<\/p>\n<p><strong>Nom du produit :\u00a0<\/strong>Os d&#039;oreille en perles<\/p>\n<p><strong>Mat\u00e9riel:\u00a0<\/strong>100% Argent sterling 925<\/p>\n<p><strong>Poids:\u00a0<\/strong>0,83 g<\/p>\n<p><strong>Article:\u00a0<\/strong>BKEJ118<\/p>\n<p><img loading=\"lazy\" decoding=\"async\" class=\"alignnone wp-image-7892 size-full\" src=\"https:\/\/dolcejewellery.com\/wp-content\/uploads\/2025\/02\/BKEJ118.png\" alt=\"\" width=\"780\" height=\"620\" srcset=\"https:\/\/dolcejewellery.com\/wp-content\/uploads\/2025\/02\/BKEJ118.png 780w, https:\/\/dolcejewellery.com\/wp-content\/uploads\/2025\/02\/BKEJ118-300x238.png 300w, https:\/\/dolcejewellery.com\/wp-content\/uploads\/2025\/02\/BKEJ118-768x610.png 768w\" sizes=\"auto, (max-width: 780px) 100vw, 780px\" \/><\/p>","protected":false},"excerpt":{"rendered":"<p>Description &amp; Details Dolce Jewellery, Ball Bead Ear Bones. Give your everyday looks a touch of glam with these ball bead ear bones from Dolce Jewellery. They&#8217;ll make you shine anytime. You deserve. Available in two colors: Silver &amp; Gold. These earrings come as a pair. Product Type: Stud Earrings Product Name:\u00a0Ball Bead Ear Bones [&#8230;]\n","protected":false},"featured_media":7887,"comment_status":"open","ping_status":"closed","template":"","meta":[],"product_brand":[],"product_cat":[34,29,38],"product_tag":[25],"class_list":{"0":"post-2540","1":"product","2":"type-product","3":"status-publish","4":"has-post-thumbnail","6":"product_cat-earrings","7":"product_cat-shop-all","8":"product_cat-stud-earrings","9":"product_tag-stud-earrings","11":"first","12":"instock","13":"shipping-taxable","14":"purchasable","15":"product-type-variable"},"_links":{"self":[{"href":"https:\/\/dolcejewellery.com\/fr\/wp-json\/wp\/v2\/product\/2540","targetHints":{"allow":["GET"]}}],"collection":[{"href":"https:\/\/dolcejewellery.com\/fr\/wp-json\/wp\/v2\/product"}],"about":[{"href":"https:\/\/dolcejewellery.com\/fr\/wp-json\/wp\/v2\/types\/product"}],"replies":[{"embeddable":true,"href":"https:\/\/dolcejewellery.com\/fr\/wp-json\/wp\/v2\/comments?post=2540"}],"wp:featuredmedia":[{"embeddable":true,"href":"https:\/\/dolcejewellery.com\/fr\/wp-json\/wp\/v2\/media\/7887"}],"wp:attachment":[{"href":"https:\/\/dolcejewellery.com\/fr\/wp-json\/wp\/v2\/media?parent=2540"}],"wp:term":[{"taxonomy":"product_brand","embeddable":true,"href":"https:\/\/dolcejewellery.com\/fr\/wp-json\/wp\/v2\/product_brand?post=2540"},{"taxonomy":"product_cat","embeddable":true,"href":"https:\/\/dolcejewellery.com\/fr\/wp-json\/wp\/v2\/product_cat?post=2540"},{"taxonomy":"product_tag","embeddable":true,"href":"https:\/\/dolcejewellery.com\/fr\/wp-json\/wp\/v2\/product_tag?post=2540"}],"curies":[{"name":"wp","href":"https:\/\/api.w.org\/{rel}","templated":true}]}}