{"id":6172,"date":"2025-05-24T18:25:04","date_gmt":"2025-05-24T18:25:04","guid":{"rendered":"https:\/\/dolcejewellery.com\/?page_id=6172"},"modified":"2025-10-03T16:09:07","modified_gmt":"2025-10-03T16:09:07","slug":"delivery-payment-policy","status":"publish","type":"page","link":"https:\/\/dolcejewellery.com\/fr\/delivery-payment-policy\/","title":{"rendered":"Informations sur le paiement et la livraison"},"content":{"rendered":"<section class=\"section\" id=\"section_154818371\">\n\t\t<div class=\"section-bg fill\" >\n\t\t\t\t\t\t\t\t\t\n\t\t\t\n\n\t\t<\/div>\n\n\t\t\n\n\t\t<div class=\"section-content relative\">\n\t\t\t\n\n\t<div id=\"gap-528219469\" class=\"gap-element clearfix\" style=\"display:block; height:auto;\">\n\t\t\n<style>\n#gap-528219469 {\n  padding-top: 30px;\n}\n<\/style>\n\t<\/div>\n\t\n\n<div class=\"row\"  id=\"row-1366197761\">\n\n\n\t<div id=\"col-1137886322\" class=\"col medium-4 small-12 large-4\"  >\n\t\t\t\t<div class=\"col-inner\"  >\n\t\t\t\n\t\t\t\n\n\t<div id=\"text-2180060647\" class=\"text\">\n\t\t\n\n<h1>Informations sur le paiement et la livraison<\/h1>\n\t\t\n<style>\n#text-2180060647 {\n  font-size: 1.1rem;\n}\n<\/style>\n\t<\/div>\n\t\n\n\t\t<\/div>\n\t\t\t\t\t<\/div>\n\n\t\n\n\t<div id=\"col-1095339342\" class=\"col medium-8 small-12 large-8\"  >\n\t\t\t\t<div class=\"col-inner\"  >\n\t\t\t\n\t\t\t\n\n<p>Chez Dolce Jewellery, nous proposons des options de paiement s\u00e9curis\u00e9es et une livraison fiable, exclusivement en Alg\u00e9rie. Vous trouverez ci-dessous des informations sur nos modes de paiement et notre processus de livraison.<\/p>\n<p>\u00a0<\/p>\n<p><strong>Modes de paiement<\/strong><\/p>\n<p>Nous acceptons uniquement les paiements en ligne par carte. Pour votre confort, les modes de paiement suivants sont accept\u00e9s\u00a0:<\/p>\n<p><strong>\u2013 Carte CIB<\/strong><\/p>\n<p><strong>\u2013 Carte Edahabia<\/strong><\/p>\n<p>Toutes les transactions sont trait\u00e9es de mani\u00e8re s\u00e9curis\u00e9e.<\/p>\n<p>\u00a0<\/p>\n<p><strong>Informations d&#039;exp\u00e9dition<\/strong><\/p>\n<p>\u2013 Nous exp\u00e9dions exclusivement en Alg\u00e9rie via UPS.<\/p>\n<p>\u2013 Le co\u00fbt est de 1000 DA<\/p>\n<p>\u00a0<\/p>\n<p>Comme tous les articles sont exp\u00e9di\u00e9s de l&#039;\u00e9tranger au moment de la commande, veuillez pr\u00e9voir 7 \u00e0 12 jours ouvrables pour la livraison.<\/p>\n<p>\u00a0<\/p>\n<p><strong>Traitement des commandes<\/strong><\/p>\n<p>\u2013 Les commandes sont trait\u00e9es dans un d\u00e9lai de 1 \u00e0 3 jours ouvr\u00e9s apr\u00e8s confirmation du paiement.<\/p>\n<p>\u2013 Les articles personnalis\u00e9s ou personnalis\u00e9s peuvent n\u00e9cessiter un temps de production suppl\u00e9mentaire avant l\u2019exp\u00e9dition.<\/p>\n<p>\u00a0<\/p>\n<p><strong>Confirmation d&#039;exp\u00e9dition :<\/strong><\/p>\n<p>Une fois votre commande exp\u00e9di\u00e9e, vous recevrez un e-mail de confirmation contenant votre num\u00e9ro de confirmation et votre num\u00e9ro de suivi. Veuillez vous r\u00e9f\u00e9rer \u00e0 ces num\u00e9ros si vous souhaitez nous contacter au sujet de votre exp\u00e9dition.<\/p>\n<p>\u00a0<\/p>\n<p><strong>Retards de livraison<\/strong><\/p>\n<p>Bien que nous nous efforcions de livrer dans les d\u00e9lais de livraison indiqu\u00e9s, des retards peuvent survenir en raison du traitement douanier, des probl\u00e8mes de transporteur ou des jours f\u00e9ri\u00e9s.<\/p>\n<p>\u00a0<\/p>\n<p>Pour toute question concernant l&#039;exp\u00e9dition, n&#039;h\u00e9sitez pas \u00e0 nous contacter \u00e0 <strong>dolcejewellery4u@gmail.com.<\/strong><\/p>\n\n\t\t<\/div>\n\t\t\t\t\t<\/div>\n\n\t\n\n<\/div>\n\n\t\t<\/div>\n\n\t\t\n<style>\n#section_154818371 {\n  padding-top: 30px;\n  padding-bottom: 30px;\n}\n<\/style>\n\t<\/section>","protected":false},"excerpt":{"rendered":"","protected":false},"author":1,"featured_media":0,"parent":0,"menu_order":0,"comment_status":"closed","ping_status":"closed","template":"","meta":{"footnotes":""},"class_list":["post-6172","page","type-page","status-publish","hentry"],"_links":{"self":[{"href":"https:\/\/dolcejewellery.com\/fr\/wp-json\/wp\/v2\/pages\/6172","targetHints":{"allow":["GET"]}}],"collection":[{"href":"https:\/\/dolcejewellery.com\/fr\/wp-json\/wp\/v2\/pages"}],"about":[{"href":"https:\/\/dolcejewellery.com\/fr\/wp-json\/wp\/v2\/types\/page"}],"author":[{"embeddable":true,"href":"https:\/\/dolcejewellery.com\/fr\/wp-json\/wp\/v2\/users\/1"}],"replies":[{"embeddable":true,"href":"https:\/\/dolcejewellery.com\/fr\/wp-json\/wp\/v2\/comments?post=6172"}],"version-history":[{"count":6,"href":"https:\/\/dolcejewellery.com\/fr\/wp-json\/wp\/v2\/pages\/6172\/revisions"}],"predecessor-version":[{"id":8323,"href":"https:\/\/dolcejewellery.com\/fr\/wp-json\/wp\/v2\/pages\/6172\/revisions\/8323"}],"wp:attachment":[{"href":"https:\/\/dolcejewellery.com\/fr\/wp-json\/wp\/v2\/media?parent=6172"}],"curies":[{"name":"wp","href":"https:\/\/api.w.org\/{rel}","templated":true}]}}