{"id":6170,"date":"2025-05-24T18:13:12","date_gmt":"2025-05-24T18:13:12","guid":{"rendered":"https:\/\/dolcejewellery.com\/?page_id=6170"},"modified":"2025-10-04T15:38:56","modified_gmt":"2025-10-04T15:38:56","slug":"terms-of-service","status":"publish","type":"page","link":"https:\/\/dolcejewellery.com\/fr\/terms-of-service\/","title":{"rendered":"Conditions d&#039;utilisation"},"content":{"rendered":"<section class=\"section\" id=\"section_776687723\">\n\t\t<div class=\"section-bg fill\" >\n\t\t\t\t\t\t\t\t\t\n\t\t\t\n\n\t\t<\/div>\n\n\t\t\n\n\t\t<div class=\"section-content relative\">\n\t\t\t\n\n\t<div id=\"gap-1097268821\" class=\"gap-element clearfix\" style=\"display:block; height:auto;\">\n\t\t\n<style>\n#gap-1097268821 {\n  padding-top: 30px;\n}\n<\/style>\n\t<\/div>\n\t\n\n<div class=\"row\"  id=\"row-176912519\">\n\n\n\t<div id=\"col-894565450\" class=\"col medium-4 small-12 large-4\"  >\n\t\t\t\t<div class=\"col-inner\"  >\n\t\t\t\n\t\t\t\n\n\t<div id=\"text-2471392267\" class=\"text\">\n\t\t\n\n<h1>Conditions d&#039;utilisation<\/h1>\n\t\t\n<style>\n#text-2471392267 {\n  font-size: 1.1rem;\n}\n<\/style>\n\t<\/div>\n\t\n\n\t\t<\/div>\n\t\t\t\t\t<\/div>\n\n\t\n\n\t<div id=\"col-2072309188\" class=\"col medium-8 small-12 large-8\"  >\n\t\t\t\t<div class=\"col-inner\"  >\n\t\t\t\n\t\t\t\n\n<p>Les pr\u00e9sentes conditions d&#039;utilisation (\u00ab Conditions \u00bb) r\u00e9gissent votre acc\u00e8s et votre utilisation du site Web exploit\u00e9 par <strong>Dolce Jewellery<\/strong> (\u00ab\u00a0nous\u00a0\u00bb, \u00ab\u00a0notre\u00a0\u00bb ou \u00ab\u00a0nos\u00a0\u00bb) sur dolcejewellery.com. En utilisant notre site web ou en effectuant un achat chez nous, vous acceptez les pr\u00e9sentes Conditions. Veuillez les lire attentivement.<\/p>\n<ol>\n<li><strong> G\u00e9n\u00e9ral<\/strong><\/li>\n<\/ol>\n<p>En acc\u00e9dant ou en utilisant notre site Web, vous confirmez que vous avez au moins l&#039;\u00e2ge de la majorit\u00e9 dans votre juridiction, ou que vous nous avez donn\u00e9 votre consentement pour permettre \u00e0 l&#039;un de vos mineurs \u00e0 charge d&#039;utiliser ce site.<\/p>\n<p>Nous nous r\u00e9servons le droit de refuser le service \u00e0 quiconque, pour quelque raison que ce soit et \u00e0 tout moment.<\/p>\n<ol start=\"2\">\n<li><strong> Produits et services<\/strong><\/li>\n<\/ol>\n<p>Tous les produits pr\u00e9sent\u00e9s sur notre site web sont sous r\u00e9serve de disponibilit\u00e9. Nous nous r\u00e9servons le droit de modifier ou d&#039;interrompre tout produit ou service sans pr\u00e9avis.<\/p>\n<p>Nous mettons tout en \u0153uvre pour afficher les descriptions, les images et les prix des produits avec la plus grande pr\u00e9cision possible, mais nous ne pouvons garantir qu&#039;ils soient toujours exempts d&#039;erreurs. En cas d&#039;erreur, nous nous r\u00e9servons le droit de la corriger et d&#039;annuler toute commande concern\u00e9e.<\/p>\n<ol start=\"3\">\n<li><strong> Tarification et paiement<\/strong><\/li>\n<\/ol>\n<p>Tous les prix sur notre site Web sont indiqu\u00e9s en <strong>DZD<\/strong>, <strong>GBP, EUR, USD<\/strong> et incluent les taxes.<\/p>\n<p>Nous acceptons les paiements via des fournisseurs tiers de confiance tels que Satim, PayPal, Stripe, etc. Vous acceptez de fournir des informations d&#039;achat et de compte \u00e0 jour, compl\u00e8tes et exactes pour toutes les transactions.<\/p>\n<ol start=\"4\">\n<li><strong> Exp\u00e9dition et livraison<\/strong><\/li>\n<\/ol>\n<p>Nous livrons \u00e0 l&#039;international vers certains pays, dont l&#039;Alg\u00e9rie, l&#039;UE et le Royaume-Uni. Les d\u00e9lais et frais de livraison sont indiqu\u00e9s au moment du paiement et dans notre politique de livraison.<\/p>\n<p>Nous ne sommes pas responsables des retards caus\u00e9s par le d\u00e9douanement ou d\u2019autres facteurs ind\u00e9pendants de notre volont\u00e9.<\/p>\n<ol start=\"5\">\n<li><strong> Retours et remboursements<\/strong><\/li>\n<\/ol>\n<p>Veuillez vous r\u00e9f\u00e9rer \u00e0 notre <strong>Politique de retour<\/strong> pour plus d&#039;informations sur les retours, les \u00e9changes et les remboursements.<\/p>\n<ol start=\"6\">\n<li><strong> Conduite de l&#039;utilisateur<\/strong><\/li>\n<\/ol>\n<p>Vous acceptez de ne pas utiliser notre site :<\/p>\n<ul>\n<li>\u00c0 des fins ill\u00e9gales<\/li>\n<li>Solliciter d&#039;autres personnes pour accomplir ou participer \u00e0 des actes ill\u00e9gaux<\/li>\n<li>Violer toute loi internationale, f\u00e9d\u00e9rale, provinciale ou locale<\/li>\n<li>Porter atteinte ou violer nos droits de propri\u00e9t\u00e9 intellectuelle ou les droits d&#039;autrui<\/li>\n<li>Soumettre des informations fausses ou trompeuses<\/li>\n<\/ul>\n<p>Nous nous r\u00e9servons le droit de mettre fin \u00e0 votre utilisation du site ou des services en cas de violation de l&#039;une de ces r\u00e8gles.<\/p>\n<ol start=\"7\">\n<li><strong> Propri\u00e9t\u00e9 intellectuelle<\/strong><\/li>\n<\/ol>\n<p>Tout le contenu de ce site \u2014 y compris les textes, graphiques, logos, images et logiciels \u2014 est la propri\u00e9t\u00e9 de <strong>Dolce Jewellery <\/strong>ou de ses conc\u00e9dants de licence et est prot\u00e9g\u00e9 par les lois sur la propri\u00e9t\u00e9 intellectuelle. Vous ne pouvez reproduire, dupliquer ou exploiter aucun contenu sans autorisation \u00e9crite expresse.<\/p>\n<ol start=\"8\">\n<li><strong> Limitation de responsabilit\u00e9<\/strong><\/li>\n<\/ol>\n<p>Dans toute la mesure permise par la loi, <strong>Dolce Jewellery <\/strong>ne sera pas responsable des dommages indirects, accessoires, punitifs ou cons\u00e9cutifs d\u00e9coulant de votre utilisation de notre site ou de nos produits.<\/p>\n<ol start=\"9\">\n<li><strong> Indemnit\u00e9<\/strong><\/li>\n<\/ol>\n<p>Vous acceptez d&#039;indemniser, de d\u00e9fendre et de d\u00e9gager de toute responsabilit\u00e9 <strong>Dolce Jewellery <\/strong>\u00a0et ses employ\u00e9s, partenaires et soci\u00e9t\u00e9s affili\u00e9es contre toute r\u00e9clamation ou demande, y compris les honoraires juridiques raisonnables, d\u00e9coulant de votre violation des pr\u00e9sentes Conditions ou de votre violation de toute loi ou des droits de tiers.<\/p>\n<ol start=\"10\">\n<li><strong> Loi applicable<\/strong><\/li>\n<\/ol>\n<p>Les pr\u00e9sentes conditions sont r\u00e9gies et interpr\u00e9t\u00e9es conform\u00e9ment aux lois de <strong>L&#039;Alg\u00e9rie et le Royaume-Uni<\/strong>. Tout litige sera trait\u00e9 devant les tribunaux de <strong>un de ces pays<\/strong>.<\/p>\n<ol start=\"11\">\n<li><strong> Modifications des conditions<\/strong><\/li>\n<\/ol>\n<p>Nous nous r\u00e9servons le droit de mettre \u00e0 jour ou de modifier les pr\u00e9sentes Conditions \u00e0 tout moment. La derni\u00e8re version sera toujours disponible sur notre site web. Votre utilisation continue du site apr\u00e8s la publication des modifications vaut acceptation des nouvelles Conditions.<\/p>\n<ol start=\"12\">\n<li><strong> Contactez-nous<\/strong><\/li>\n<\/ol>\n<p>Si vous avez des questions sur ces conditions, veuillez nous contacter \u00e0 :<\/p>\n<p><strong>E-mail<\/strong>: <strong>dolcejewellery4u@gmail.com<\/strong><br \/><strong>Adresse de l&#039;entreprise<\/strong>: <strong>Alg\u00e9rie\/Royaume-Uni<\/strong><\/p>\n\n\t\t<\/div>\n\t\t\t\t\t<\/div>\n\n\t\n\n<\/div>\n\n\t\t<\/div>\n\n\t\t\n<style>\n#section_776687723 {\n  padding-top: 30px;\n  padding-bottom: 30px;\n}\n<\/style>\n\t<\/section>","protected":false},"excerpt":{"rendered":"","protected":false},"author":1,"featured_media":0,"parent":0,"menu_order":0,"comment_status":"closed","ping_status":"closed","template":"","meta":{"footnotes":""},"class_list":["post-6170","page","type-page","status-publish","hentry"],"_links":{"self":[{"href":"https:\/\/dolcejewellery.com\/fr\/wp-json\/wp\/v2\/pages\/6170","targetHints":{"allow":["GET"]}}],"collection":[{"href":"https:\/\/dolcejewellery.com\/fr\/wp-json\/wp\/v2\/pages"}],"about":[{"href":"https:\/\/dolcejewellery.com\/fr\/wp-json\/wp\/v2\/types\/page"}],"author":[{"embeddable":true,"href":"https:\/\/dolcejewellery.com\/fr\/wp-json\/wp\/v2\/users\/1"}],"replies":[{"embeddable":true,"href":"https:\/\/dolcejewellery.com\/fr\/wp-json\/wp\/v2\/comments?post=6170"}],"version-history":[{"count":7,"href":"https:\/\/dolcejewellery.com\/fr\/wp-json\/wp\/v2\/pages\/6170\/revisions"}],"predecessor-version":[{"id":8329,"href":"https:\/\/dolcejewellery.com\/fr\/wp-json\/wp\/v2\/pages\/6170\/revisions\/8329"}],"wp:attachment":[{"href":"https:\/\/dolcejewellery.com\/fr\/wp-json\/wp\/v2\/media?parent=6170"}],"curies":[{"name":"wp","href":"https:\/\/api.w.org\/{rel}","templated":true}]}}