{"id":6166,"date":"2025-05-24T18:03:27","date_gmt":"2025-05-24T18:03:27","guid":{"rendered":"https:\/\/dolcejewellery.com\/?page_id=6166"},"modified":"2025-05-31T15:19:03","modified_gmt":"2025-05-31T15:19:03","slug":"privacy-policy","status":"publish","type":"page","link":"https:\/\/dolcejewellery.com\/fr\/privacy-policy\/","title":{"rendered":"politique de confidentialit\u00e9"},"content":{"rendered":"<section class=\"section\" id=\"section_1004943597\">\n\t\t<div class=\"section-bg fill\" >\n\t\t\t\t\t\t\t\t\t\n\t\t\t\n\n\t\t<\/div>\n\n\t\t\n\n\t\t<div class=\"section-content relative\">\n\t\t\t\n\n\t<div id=\"gap-1966370961\" class=\"gap-element clearfix\" style=\"display:block; height:auto;\">\n\t\t\n<style>\n#gap-1966370961 {\n  padding-top: 30px;\n}\n<\/style>\n\t<\/div>\n\t\n\n<div class=\"row\"  id=\"row-148065322\">\n\n\n\t<div id=\"col-1199532538\" class=\"col medium-4 small-12 large-4\"  >\n\t\t\t\t<div class=\"col-inner\"  >\n\t\t\t\n\t\t\t\n\n\t<div id=\"text-3422331661\" class=\"text\">\n\t\t\n\n<h1>politique de confidentialit\u00e9<\/h1>\n\t\t\n<style>\n#text-3422331661 {\n  font-size: 1.1rem;\n}\n<\/style>\n\t<\/div>\n\t\n\n\t\t<\/div>\n\t\t\t\t\t<\/div>\n\n\t\n\n\t<div id=\"col-994396759\" class=\"col medium-8 small-12 large-8\"  >\n\t\t\t\t<div class=\"col-inner\"  >\n\t\t\t\n\t\t\t\n\n<p>Cette politique de confidentialit\u00e9 explique comment <strong>Dolce Jewellery<\/strong> (\u00ab nous \u00bb, \u00ab notre \u00bb ou \u00ab nos \u00bb) collecte, utilise, partage et prot\u00e8ge vos informations personnelles lorsque vous visitez ou effectuez un achat aupr\u00e8s de <strong>dolcejewellery.com<\/strong><\/p>\n<ol>\n<li><strong> Qui sommes-nous<\/strong><\/li>\n<\/ol>\n<p><strong>Dolce Jewellery<\/strong><br \/>Structure juridique : <strong>Ltd<\/strong><br \/>Adresse professionnelle : <strong>Angleterre\/Alg\u00e9rie<\/strong><\/p>\n<p>Nous nous engageons \u00e0 prot\u00e9ger votre vie priv\u00e9e et \u00e0 garantir la transparence dans la mani\u00e8re dont nous traitons vos donn\u00e9es.<\/p>\n<ol start=\"2\">\n<li><strong> Informations que nous collectons<\/strong><\/li>\n<\/ol>\n<p>Nous pouvons collecter les donn\u00e9es personnelles suivantes lorsque vous visitez notre site Web ou passez une commande :<\/p>\n<ul>\n<li>Nom et pr\u00e9nom<\/li>\n<li>Adresse email<\/li>\n<li>Num\u00e9ro de t\u00e9l\u00e9phone<\/li>\n<li>Adresse de livraison<\/li>\n<\/ul>\n<p>Nous faisons <strong>pas<\/strong> Collecter ou stocker directement les informations de carte de paiement. Toutes les transactions de paiement sont trait\u00e9es de mani\u00e8re s\u00e9curis\u00e9e par des prestataires tiers.<\/p>\n<ol start=\"3\">\n<li><strong> Comment nous collectons les informations<\/strong><\/li>\n<\/ol>\n<p>Nous collectons des informations personnelles via :<\/p>\n<ul>\n<li>Formulaires de paiement et de commande<\/li>\n<li>Formulaires de contact<\/li>\n<li>Formulaires d&#039;inscription \u00e0 la newsletter ou au marketing<\/li>\n<li>Communication directe pour le service client<\/li>\n<\/ul>\n<ol start=\"4\">\n<li><strong> Comment nous utilisons vos informations<\/strong><\/li>\n<\/ol>\n<p>Nous utilisons les donn\u00e9es personnelles que nous collectons aux fins suivantes :<\/p>\n<ul>\n<li>Pour traiter et exp\u00e9dier vos commandes<\/li>\n<li>Pour vous contacter concernant votre achat ou vos demandes d&#039;assistance<\/li>\n<li>Pour envoyer des communications marketing et promotionnelles (uniquement si vous y consentez)<\/li>\n<li>Pour effectuer des analyses afin d&#039;am\u00e9liorer nos services<\/li>\n<li>Pour se conformer aux obligations l\u00e9gales ou r\u00e9glementaires<\/li>\n<\/ul>\n<ol start=\"5\">\n<li><strong> Partage d&#039;informations<\/strong><\/li>\n<\/ol>\n<p>Nous pouvons partager vos informations avec des tiers de confiance uniquement si cela est n\u00e9cessaire \u00e0 la gestion de notre entreprise, notamment :<\/p>\n<ul>\n<li><strong>Exp\u00e9dition et logistique<\/strong><\/li>\n<li><strong>Processeurs de paiement<\/strong><\/li>\n<li><strong>Outils de marketing et d&#039;analyse<\/strong>: par exemple, Meta Ads, Google Analytics<\/li>\n<li><strong>Plateformes de communication client<\/strong>: par exemple, services de marketing par courrier \u00e9lectronique<\/li>\n<\/ul>\n<p>Nous faisons <strong>pas<\/strong> vendre vos donn\u00e9es personnelles.<\/p>\n<ol start=\"6\">\n<li><strong> Cookies et suivi<\/strong><\/li>\n<\/ol>\n<p>Nous faisons <strong>ne pas utiliser de cookies<\/strong> ou des technologies de suivi similaires sur notre site Web.<\/p>\n<ol start=\"7\">\n<li><strong> Transferts internationaux de donn\u00e9es<\/strong><\/li>\n<\/ol>\n<p>Nous pouvons offrir des services \u00e0 des clients situ\u00e9s en dehors de notre pays d&#039;activit\u00e9 principal, y compris, mais sans s&#039;y limiter : <strong>Alg\u00e9rie<\/strong><br \/>Si vous acc\u00e9dez \u00e0 notre site Web \u00e0 partir d&#039;une r\u00e9gion dot\u00e9e de lois sur la protection des donn\u00e9es (par exemple, le RGPD dans l&#039;UE), nous nous assurons que vos donn\u00e9es sont trait\u00e9es conform\u00e9ment \u00e0 ces lois.<\/p>\n<ol start=\"8\">\n<li><strong> Vos droits sur les donn\u00e9es<\/strong><\/li>\n<\/ol>\n<p>Vous avez le droit de :<\/p>\n<ul>\n<li>Acc\u00e9der aux donn\u00e9es personnelles que nous d\u00e9tenons \u00e0 votre sujet<\/li>\n<li>Corriger toute information inexacte<\/li>\n<li>Demander la suppression de vos donn\u00e9es (le cas \u00e9ch\u00e9ant)<\/li>\n<li>Retirez votre consentement aux communications marketing<\/li>\n<\/ul>\n<p>Pour faire une demande, veuillez nous contacter en utilisant les coordonn\u00e9es indiqu\u00e9es \u00e0 la section 9.<\/p>\n<ol start=\"9\">\n<li><strong> Contactez-nous<\/strong><\/li>\n<\/ol>\n<p>Si vous avez des questions ou des pr\u00e9occupations concernant cette politique de confidentialit\u00e9 ou vos donn\u00e9es, veuillez contacter :<\/p>\n<p><strong>E-mail<\/strong>: <strong>dolcejewellery4u@gmail.com<\/strong><\/p>\n<ol start=\"10\">\n<li><strong> Mises \u00e0 jour de cette politique<\/strong><\/li>\n<\/ol>\n<p>Nous sommes susceptibles de mettre \u00e0 jour cette Politique de confidentialit\u00e9 de temps \u00e0 autre. Les modifications seront publi\u00e9es sur cette page avec la date d&#039;entr\u00e9e en vigueur mise \u00e0 jour.<\/p>\n\n\t\t<\/div>\n\t\t\t\t\t<\/div>\n\n\t\n\n<\/div>\n\n\t\t<\/div>\n\n\t\t\n<style>\n#section_1004943597 {\n  padding-top: 30px;\n  padding-bottom: 30px;\n}\n<\/style>\n\t<\/section>","protected":false},"excerpt":{"rendered":"","protected":false},"author":1,"featured_media":0,"parent":0,"menu_order":0,"comment_status":"closed","ping_status":"closed","template":"","meta":{"footnotes":""},"class_list":["post-6166","page","type-page","status-publish","hentry"],"_links":{"self":[{"href":"https:\/\/dolcejewellery.com\/fr\/wp-json\/wp\/v2\/pages\/6166","targetHints":{"allow":["GET"]}}],"collection":[{"href":"https:\/\/dolcejewellery.com\/fr\/wp-json\/wp\/v2\/pages"}],"about":[{"href":"https:\/\/dolcejewellery.com\/fr\/wp-json\/wp\/v2\/types\/page"}],"author":[{"embeddable":true,"href":"https:\/\/dolcejewellery.com\/fr\/wp-json\/wp\/v2\/users\/1"}],"replies":[{"embeddable":true,"href":"https:\/\/dolcejewellery.com\/fr\/wp-json\/wp\/v2\/comments?post=6166"}],"version-history":[{"count":4,"href":"https:\/\/dolcejewellery.com\/fr\/wp-json\/wp\/v2\/pages\/6166\/revisions"}],"predecessor-version":[{"id":6192,"href":"https:\/\/dolcejewellery.com\/fr\/wp-json\/wp\/v2\/pages\/6166\/revisions\/6192"}],"wp:attachment":[{"href":"https:\/\/dolcejewellery.com\/fr\/wp-json\/wp\/v2\/media?parent=6166"}],"curies":[{"name":"wp","href":"https:\/\/api.w.org\/{rel}","templated":true}]}}