{"id":5977,"date":"2025-02-01T17:38:58","date_gmt":"2025-02-01T17:38:58","guid":{"rendered":"https:\/\/dolcejewellery.com\/?page_id=5977"},"modified":"2025-05-31T16:50:30","modified_gmt":"2025-05-31T16:50:30","slug":"about-us","status":"publish","type":"page","link":"https:\/\/dolcejewellery.com\/fr\/about-us\/","title":{"rendered":"\u00c0 propos de nous"},"content":{"rendered":"<section class=\"section dark hide-for-small\" id=\"section_548390777\">\n\t\t<div class=\"section-bg fill\" >\n\t\t\t<img loading=\"lazy\" decoding=\"async\" width=\"1920\" height=\"750\" src=\"https:\/\/dolcejewellery.com\/wp-content\/uploads\/2025\/05\/4.jpg\" class=\"bg attachment-2048x2048 size-2048x2048\" alt=\"\" \/>\t\t\t\t\t\t<div class=\"section-bg-overlay absolute fill\"><\/div>\n\t\t\t\n\n\t\t<\/div>\n\n\t\t\n\n\t\t<div class=\"section-content relative\">\n\t\t\t\n\n<div class=\"row\"  id=\"row-591458863\">\n\n\n\t<div id=\"col-48642826\" class=\"col small-12 large-12\"  >\n\t\t\t\t<div class=\"col-inner\"  >\n\t\t\t\n\t\t\t\n\n\t<div id=\"gap-221875621\" class=\"gap-element clearfix\" style=\"display:block; height:auto;\">\n\t\t\n<style>\n#gap-221875621 {\n  padding-top: 30px;\n}\n<\/style>\n\t<\/div>\n\t\n\n\t<div id=\"text-2332716776\" class=\"text\">\n\t\t\n\n<h1>\u00c0 PROPOS DE Dolce Jewellery<\/h1>\n\t\t\n<style>\n#text-2332716776 {\n  font-size: 1.6rem;\n  text-align: center;\n}\n<\/style>\n\t<\/div>\n\t\n\n\t\t<\/div>\n\t\t\t\t\t<\/div>\n\n\t\n\n<\/div>\n\n\t\t<\/div>\n\n\t\t\n<style>\n#section_548390777 {\n  padding-top: 30px;\n  padding-bottom: 30px;\n  min-height: 350px;\n}\n#section_548390777 .section-bg-overlay {\n  background-color: rgba(0, 0, 0, 0.256);\n}\n<\/style>\n\t<\/section>\n\t\n\n\t<section class=\"section\" id=\"section_137645536\">\n\t\t<div class=\"section-bg fill\" >\n\t\t\t\t\t\t\t\t\t\n\t\t\t\n\n\t\t<\/div>\n\n\t\t\n\n\t\t<div class=\"section-content relative\">\n\t\t\t\n\n<div class=\"row row-large\"  id=\"row-1452560239\">\n\n\n\t<div id=\"col-375245458\" class=\"col medium-6 small-12 large-6\"  >\n\t\t\t\t<div class=\"col-inner\"  >\n\t\t\t\n\t\t\t\n\n<p style=\"text-align: left;\"><strong>Dolce Jewellery sont fabriqu\u00e9s en argent sterling 925<\/strong><\/p>\n<p>L&#039;argent sterling est compos\u00e9 d&#039;argent 92,5%, le reste \u00e9tant constitu\u00e9 d&#039;autres m\u00e9taux. C&#039;est pourquoi on l&#039;appelle commun\u00e9ment argent sterling 925 ou simplement argent 925.<\/p>\n<p>Pourquoi l&#039;argent doit-il \u00eatre associ\u00e9 \u00e0 d&#039;autres m\u00e9taux\u00a0? L&#039;argent pur (argent 99%) \u00e9tant tr\u00e8s tendre et mall\u00e9able, il ne convient pas au sertissage d&#039;autres mat\u00e9riaux comme les diamants CZ.<\/p>\n<p>Une certaine duret\u00e9 doit \u00eatre apport\u00e9e par l&#039;ajout d&#039;autres m\u00e9taux. C&#039;est pourquoi les bijoutiers peuvent cr\u00e9er les cr\u00e9ations les plus complexes avec de l&#039;argent sterling 925.<\/p>\n\n\t\t<\/div>\n\t\t\t\t\t<\/div>\n\n\t\n\n\t<div id=\"col-1305396007\" class=\"col medium-6 small-12 large-6\"  >\n\t\t\t\t<div class=\"col-inner\"  >\n\t\t\t\n\t\t\t\n\n<p><strong>Conseils d&#039;entretien des bijoux :<\/strong><\/p>\n<ul>\n<li>\u00c9vitez tout contact avec des liquides tels que l\u2019eau, la sueur et les cosm\u00e9tiques.<\/li>\n<li>Ne portez pas vos bijoux lorsque vous prenez une douche, un bain, nagez, dormez ou faites de l\u2019exercice.<\/li>\n<li>L&#039;oxydation peut entra\u00eener le noircissement de la surface de l&#039;argent. Il s&#039;agit d&#039;un ph\u00e9nom\u00e8ne naturel pour les bijoux en argent, et non d&#039;une d\u00e9coloration. Un brossage avec un chiffon ou une barre de polissage pour argent lui redonnera son \u00e9clat.<\/li>\n<li>Veuillez porter vos bijoux avec soin ; ne les frottez pas et ne les laissez pas tomber d&#039;une grande hauteur.<\/li>\n<li>Ne l&#039;exposez pas \u00e0 l&#039;air libre pendant une p\u00e9riode prolong\u00e9e. Lorsque vous ne le portez pas, rangez-le dans un sac ou une bo\u00eete herm\u00e9tique.<\/li>\n<\/ul>\n<a href=\"\/fr\/shop\/\" class=\"button primary is-link\" >\n\t\t<span>Achetez maintenant<\/span>\n\t<i class=\"icon-angle-right\" aria-hidden=\"true\"><\/i><\/a>\n\n\n\n\t\t<\/div>\n\t\t\t\t\t<\/div>\n\n\t\n\n<\/div>\n\n\t\t<\/div>\n\n\t\t\n<style>\n#section_137645536 {\n  padding-top: 50px;\n  padding-bottom: 50px;\n}\n<\/style>\n\t<\/section>","protected":false},"excerpt":{"rendered":"","protected":false},"author":1,"featured_media":0,"parent":0,"menu_order":0,"comment_status":"closed","ping_status":"closed","template":"","meta":{"footnotes":""},"class_list":["post-5977","page","type-page","status-publish","hentry"],"_links":{"self":[{"href":"https:\/\/dolcejewellery.com\/fr\/wp-json\/wp\/v2\/pages\/5977","targetHints":{"allow":["GET"]}}],"collection":[{"href":"https:\/\/dolcejewellery.com\/fr\/wp-json\/wp\/v2\/pages"}],"about":[{"href":"https:\/\/dolcejewellery.com\/fr\/wp-json\/wp\/v2\/types\/page"}],"author":[{"embeddable":true,"href":"https:\/\/dolcejewellery.com\/fr\/wp-json\/wp\/v2\/users\/1"}],"replies":[{"embeddable":true,"href":"https:\/\/dolcejewellery.com\/fr\/wp-json\/wp\/v2\/comments?post=5977"}],"version-history":[{"count":8,"href":"https:\/\/dolcejewellery.com\/fr\/wp-json\/wp\/v2\/pages\/5977\/revisions"}],"predecessor-version":[{"id":6204,"href":"https:\/\/dolcejewellery.com\/fr\/wp-json\/wp\/v2\/pages\/5977\/revisions\/6204"}],"wp:attachment":[{"href":"https:\/\/dolcejewellery.com\/fr\/wp-json\/wp\/v2\/media?parent=5977"}],"curies":[{"name":"wp","href":"https:\/\/api.w.org\/{rel}","templated":true}]}}